{"id":138,"date":"2026-04-21T06:24:43","date_gmt":"2026-04-21T06:24:43","guid":{"rendered":"https:\/\/www.ajslocation974.com\/reunion\/?page_id=138"},"modified":"2026-04-23T19:32:03","modified_gmt":"2026-04-23T19:32:03","slug":"conditions-de-location","status":"publish","type":"page","link":"https:\/\/www.ajslocation974.com\/reunion\/conditions-de-location\/","title":{"rendered":"Conditions de location"},"content":{"rendered":"\n<p><strong>CONDITIONS DE LOCATION<\/strong><\/p>\n\n\n\n<hr class=\"wp-block-separator has-alpha-channel-opacity\"\/>\n\n\n\n<p><strong>CAUTION ET PAIEMENT<\/strong><\/p>\n\n\n\n<p>Le r\u00e8glement int\u00e9gral de la location de votre voiture se fait au moment de la livraison ou lors de la r\u00e9servation.<\/p>\n\n\n\n<p>Nous acceptons le r\u00e8glement en esp\u00e8ces, par carte bleue Visa, Mastercard, par ch\u00e8ques ou ch\u00e8ques vacances.<\/p>\n\n\n\n<p>Une caution de 1308\u20ac vous sera demand\u00e9e au moment du retrait du v\u00e9hicule mais ne sera pas d\u00e9bit\u00e9e.<\/p>\n\n\n\n<p>Les cartes bancaires visa \u00e9lectron ne sont pas accept\u00e9es pas pour le r\u00e8glement de la caution.<\/p>\n\n\n\n<p>D\u00e9p\u00f4t possible de la caution en esp\u00e8ces et restitu\u00e9e au retour du v\u00e9hicule apr\u00e8s v\u00e9rification de celui-ci.<\/p>\n\n\n\n<p>Cette caution est conserv\u00e9e en cas d&#8217;accident responsable, de dommages sur le v\u00e9hicule sans tiers reconnu et\/ou de vol.<\/p>\n\n\n\n<p>Une option de rachat de franchise est possible moyennant 4\u20ac ttc par jour. Elle permet de diminuer la franchise \u00e0 700\u20ac en cas d&#8217;accident responsable, vol ou dommages sans tiers reconnu.<\/p>\n\n\n\n<p>En cas de vol ou d&#8217;accident, un constat doit obligatoirement \u00eatre \u00e9tabli sous 24 heures maximum et vous devez prendre contact avec notre agence imm\u00e9diatement.<\/p>\n\n\n\n<hr class=\"wp-block-separator has-alpha-channel-opacity\"\/>\n\n\n\n<p><strong>PERMIS DE CONDUIRE<\/strong><\/p>\n\n\n\n<p>Tous les conducteurs doivent obligatoirement \u00eatre titulaire du permis de conduire depuis au moins 3 ans et avoir 23 ans minimum au moment de la location du v\u00e9hicule.<\/p>\n\n\n\n<hr class=\"wp-block-separator has-alpha-channel-opacity\"\/>\n\n\n\n<p><strong>ANNULATION COVID-19<\/strong><\/p>\n\n\n\n<p>Durant cette p\u00e9riode, pour toute annulation li\u00e9e \u00e0 des restrictions gouvernementales li\u00e9es au Covid, l&#8217;int\u00e9gralit\u00e9 de la r\u00e9servation ou de l&#8217;acompte vous sera restitu\u00e9e.<\/p>\n\n\n\n<hr class=\"wp-block-separator has-alpha-channel-opacity\"\/>\n\n\n\n<p><strong>CONSIGNES \u00c0 RESPECTER LORS DE VOTRE S\u00c9JOUR \u00c0 LA R\u00c9UNION<\/strong><\/p>\n\n\n\n<p><strong>STATIONNEMENT DE VOTRE VOITURE DE LOCATION<\/strong><\/p>\n\n\n\n<p>Nous vous conseillons d&#8217;utiliser de pr\u00e9f\u00e9rence un parking surveill\u00e9. Assurez-vous de fermer toutes les portes et le coffre du v\u00e9hicule \u00e0 cl\u00e9. Ne laissez aucun objet de valeur \u00e0 l&#8217;int\u00e9rieur du v\u00e9hicule. \u00c9vitez de vous garer sous un cocotier, une chute de noix de coco pourrait vraiment endommager le v\u00e9hicule !<\/p>\n\n\n\n<p><strong>\u00c0 LA PLAGE<\/strong><\/p>\n\n\n\n<p>Lorsque vous vous baignez, ne gardez pas vos cl\u00e9s sur vous, vous pourriez les perdre ou les endommager ! Ne tentez pas les pickpockets, ne laissez pas d&#8217;objets de valeur sous votre serviette pendant votre baignade !<\/p>\n\n\n\n<p><strong>\u00c0 L&#8217;H\u00d4TEL<\/strong><\/p>\n\n\n\n<p>\u00c9vitez de laisser vos cl\u00e9s sur la table au restaurant ou dans la chambre d&#8217;h\u00f4tel, ne g\u00e2chez pas vos vacances pour une imprudence !<\/p>\n\n\n\n<hr class=\"wp-block-separator has-alpha-channel-opacity\"\/>\n\n\n\n<p><strong>OPTIONS DISPONIBLES<\/strong><\/p>\n\n\n\n<ul class=\"wp-block-list\">\n<li><strong>Si\u00e8ge-Auto en Option<\/strong> \u2014 Pensez \u00e0 pr\u00e9ciser le nombre dont vous avez besoin lors de la r\u00e9servation.<\/li>\n\n\n\n<li><strong>Multi-Conducteurs<\/strong> \u2014 Tous les conducteurs doivent \u00eatre \u00e2g\u00e9s de minimum 23 ans et avoir 3 ans de permis.<\/li>\n\n\n\n<li><strong>Kilom\u00e9trage Illimit\u00e9<\/strong> \u2014 Possibilit\u00e9 de louer le v\u00e9hicule avec kilom\u00e9trage illimit\u00e9 pour visiter sans compter !<\/li>\n\n\n\n<li><strong>V\u00e9hicule climatis\u00e9<\/strong> \u2014 Pour votre confort, pour 1\u20ac de plus par jour, roulez \u00e0 bord d&#8217;un v\u00e9hicule climatis\u00e9.<\/li>\n<\/ul>\n\n\n\n<p>Suivez-nous sur Facebook !<\/p>\n\n\n\n<hr class=\"wp-block-separator has-alpha-channel-opacity\"\/>\n\n\n\n<p><strong>MOYENS DE PAIEMENT ACCEPT\u00c9S<\/strong><\/p>\n\n\n\n<p>Virement bancaire \u00b7 PayPal \u00b7 Esp\u00e8ces \u00b7 Carte bancaire \u00b7 Ch\u00e8que<\/p>\n\n\n\n<hr class=\"wp-block-separator has-alpha-channel-opacity\"\/>\n\n\n\n<p><strong>Loueur de Confiance !<\/strong><\/p>\n\n\n\n<p>Choisir Ajs Location pour votre s\u00e9jour \u00e0 la R\u00e9union, c&#8217;est choisir un professionnel avec des ann\u00e9es d&#8217;exp\u00e9rience \u00e0 votre service !<\/p>\n\n\n\n<ul class=\"wp-block-list\">\n<li><strong>Prix Bas Garantis<\/strong> \u2014 Devis sur simple demande, par mail, t\u00e9l\u00e9phone, Whatsapp ou en remplissant le formulaire de contact.<\/li>\n\n\n\n<li><strong>V\u00e9hicules D\u00e9sinfect\u00e9s<\/strong> \u2014 Avant chaque location, nos v\u00e9hicules sont scrupuleusement nettoy\u00e9s afin de garantir votre s\u00e9curit\u00e9.<\/li>\n\n\n\n<li><strong>Retrait &amp; Retour 7j\/7<\/strong> \u2014 Possibilit\u00e9 de r\u00e9cup\u00e9rer ou de restituer votre v\u00e9hicule m\u00eame le dimanche et jours f\u00e9ri\u00e9s !<\/li>\n\n\n\n<li><strong>Possibilit\u00e9 de retrait A\u00e9roport<\/strong> \u2014 R\u00e9cup\u00e9rez votre v\u00e9hicule d\u00e8s votre arriv\u00e9e \u00e0 l&#8217;a\u00e9roport ou sur le lieu de s\u00e9jour, h\u00f4tel, r\u00e9sidence\u2026<\/li>\n<\/ul>\n\n\n\n<p><strong>Ajs Location, Loueur de confiance depuis 10 ans \u00e0 la R\u00e9union !<\/strong><\/p>\n\n\n\n<p>Nous choisir pour la location de votre v\u00e9hicule c&#8217;est la garantie de : V\u00e9hicules r\u00e9cents \u00b7 Kilom\u00e9trage illimit\u00e9 \u00b7 Livraison possible \u00e0 l&#8217;a\u00e9roport \u00b7 Meilleurs prix garantis \u00b7 Assistance 24h\/24 et 7j\/7 \u00b7 Disponible les jours f\u00e9ri\u00e9s<\/p>\n\n\n\n<hr class=\"wp-block-separator has-alpha-channel-opacity\"\/>\n\n\n\n<p><strong>Contactez-Nous !<\/strong><\/p>\n\n\n\n<ul class=\"wp-block-list\">\n<li><a href=\"mailto:chaulvet.location@gmail.com\"><a href=\"mailto:ajs.location974@gmail.com\">ajs.location974@gmail.com<\/a><\/a><\/li>\n\n\n\n<li>Sainte-Marie<\/li>\n\n\n\n<li>02 rue Henri Salvador Les Gaspards, Reunion 97438<\/li>\n<\/ul>\n\n\n\n<p><\/p>\n","protected":false},"excerpt":{"rendered":"<p>CONDITIONS DE LOCATION CAUTION ET PAIEMENT Le r\u00e8glement int\u00e9gral de la location de votre voiture se fait au moment de la livraison ou lors de la r\u00e9servation. Nous acceptons le r\u00e8glement en esp\u00e8ces, par carte bleue Visa, Mastercard, par ch\u00e8ques ou ch\u00e8ques vacances. Une caution de 1308\u20ac vous sera demand\u00e9e au moment du retrait du [&hellip;]<\/p>\n","protected":false},"author":1,"featured_media":182,"parent":0,"menu_order":0,"comment_status":"closed","ping_status":"closed","template":"","meta":{"pagelayer_contact_templates":[],"_pagelayer_content":"","footnotes":""},"class_list":["post-138","page","type-page","status-publish","has-post-thumbnail","hentry"],"jetpack_sharing_enabled":true,"_links":{"self":[{"href":"https:\/\/www.ajslocation974.com\/reunion\/wp-json\/wp\/v2\/pages\/138","targetHints":{"allow":["GET"]}}],"collection":[{"href":"https:\/\/www.ajslocation974.com\/reunion\/wp-json\/wp\/v2\/pages"}],"about":[{"href":"https:\/\/www.ajslocation974.com\/reunion\/wp-json\/wp\/v2\/types\/page"}],"author":[{"embeddable":true,"href":"https:\/\/www.ajslocation974.com\/reunion\/wp-json\/wp\/v2\/users\/1"}],"replies":[{"embeddable":true,"href":"https:\/\/www.ajslocation974.com\/reunion\/wp-json\/wp\/v2\/comments?post=138"}],"version-history":[{"count":1,"href":"https:\/\/www.ajslocation974.com\/reunion\/wp-json\/wp\/v2\/pages\/138\/revisions"}],"predecessor-version":[{"id":139,"href":"https:\/\/www.ajslocation974.com\/reunion\/wp-json\/wp\/v2\/pages\/138\/revisions\/139"}],"wp:featuredmedia":[{"embeddable":true,"href":"https:\/\/www.ajslocation974.com\/reunion\/wp-json\/wp\/v2\/media\/182"}],"wp:attachment":[{"href":"https:\/\/www.ajslocation974.com\/reunion\/wp-json\/wp\/v2\/media?parent=138"}],"curies":[{"name":"wp","href":"https:\/\/api.w.org\/{rel}","templated":true}]}}