{"id":14,"date":"2026-04-18T07:52:26","date_gmt":"2026-04-18T07:52:26","guid":{"rendered":"https:\/\/www.ajslocation974.com\/reunion\/contact\/"},"modified":"2026-04-21T10:42:13","modified_gmt":"2026-04-21T10:42:13","slug":"contact","status":"publish","type":"page","link":"https:\/\/www.ajslocation974.com\/reunion\/contact\/","title":{"rendered":"Contact"},"content":{"rendered":"\n<p><strong><a href=\"mailto:chaulvet.location@gmail.com\"><\/a><a href=\"mailto:ajs.location974@gmail.com\">ajs.location974@gmail.com<\/a><\/strong><\/p>\n\n\n\n<p>R\u00e9ponse rapide assur\u00e9e !<\/p>\n\n\n\n<p><strong>(+262) 693.47.68.17<\/strong> <\/p>\n\n\n\n<p>Attention au d\u00e9calage horaire !<\/p>\n\n\n\n<p>Sainte-Marie<\/p>\n\n\n\n<p>02 rue Henri Salvador Les Gaspards, Reunion 97438<\/p>\n\n\n\n<hr class=\"wp-block-separator has-alpha-channel-opacity\"\/>\n\n\n<div class=\"fleet-management-wrapper car-rental-wrapper fleet-management-search-step1 car-rental-search-step1\">\r\n    <form id=\"formElem\" name=\"formElem\" action=\"\" method=\"POST\">\r\n                <div class=\"search-field\">\r\n            <div class=\"search-field-header\">\r\n                <div class=\"search-field-title\">\r\n                   <i class=\"icon-pickup title-icon\"><\/i> <p>D\u00e9part                    Informations<\/p>\r\n                <\/div>\r\n            <\/div>\r\n            <div class=\"search-field-body\">\r\n                                                            <div class=\"styled-select-dropdown wide-dropdown\">\r\n                            <i class=\"icon-location select-icon\"><\/i><select name=\"pickup_location_id\" class=\"pickup-location home-select\">\r\n                                <option value=\"0\" selected=\"selected\">Ville de D\u00e9part et Localisation :<\/option><option value=\"7\">1. A\u00e9roport Roland Garros - En Weekend - 74 Avenuue Roland Garros,<\/option><option value=\"8\">2. Bureau St Marie - 2 Rue Henrie Salvador<\/option><option value=\"9\">3. A\u00e9roport De Pierrefonds - Chemin de l'A\u00e9rodr\u00f4me<\/option><option value=\"10\">4. Agence - 887 Bis Chemin DUFOURG les Bas<\/option><option value=\"11\">5. Agence Sainte Clotilde - Chemin Dufourg les Bas<\/option>                            <\/select>\r\n                        <\/div>\r\n                                                                        <div class=\"inline-div\">\r\n                        <input type=\"text\" name=\"pickup_date\" value=\"Date :\" class=\"pickup-date\" readonly=\"readonly\" AUTOCOMPLETE=OFF \/>\r\n                    <\/div>\r\n                    <div class=\"styled-select-dropdown narrow-dropdown\">\r\n                        <i class=\"icon-clock select-icon\"><\/i><select name=\"pickup_time\" class=\"pickup-time\">\r\n                            <option value=\"00:00:00\">Minuit<\/option><option value=\"00:30:00\">12:30 am<\/option><option value=\"01:00:00\">1:00 am<\/option><option value=\"01:30:00\">1:30 am<\/option><option value=\"02:00:00\">2:00 am<\/option><option value=\"02:30:00\">2:30 am<\/option><option value=\"03:00:00\">3:00 am<\/option><option value=\"03:30:00\">3:30 am<\/option><option value=\"04:00:00\">4:00 am<\/option><option value=\"04:30:00\">4:30 am<\/option><option value=\"05:00:00\">5:00 am<\/option><option value=\"05:30:00\">5:30 am<\/option><option value=\"06:00:00\">6:00 am<\/option><option value=\"06:30:00\">6:30 am<\/option><option value=\"07:00:00\">7:00 am<\/option><option value=\"07:30:00\">7:30 am<\/option><option value=\"08:00:00\">8:00 am<\/option><option value=\"08:30:00\">8:30 am<\/option><option value=\"09:00:00\">9:00 am<\/option><option value=\"09:30:00\">9:30 am<\/option><option value=\"10:00:00\">10:00 am<\/option><option value=\"10:30:00\">10:30 am<\/option><option value=\"11:00:00\">11:00 am<\/option><option value=\"11:30:00\">11:30 am<\/option><option value=\"12:00:00\" selected=\"selected\">Midi<\/option><option value=\"12:30:00\">12:30 pm<\/option><option value=\"13:00:00\">1:00 pm<\/option><option value=\"13:30:00\">1:30 pm<\/option><option value=\"14:00:00\">2:00 pm<\/option><option value=\"14:30:00\">2:30 pm<\/option><option value=\"15:00:00\">3:00 pm<\/option><option value=\"15:30:00\">3:30 pm<\/option><option value=\"16:00:00\">4:00 pm<\/option><option value=\"16:30:00\">4:30 pm<\/option><option value=\"17:00:00\">5:00 pm<\/option><option value=\"17:30:00\">5:30 pm<\/option><option value=\"18:00:00\">6:00 pm<\/option><option value=\"18:30:00\">6:30 pm<\/option><option value=\"19:00:00\">7:00 pm<\/option><option value=\"19:30:00\">7:30 pm<\/option><option value=\"20:00:00\">8:00 pm<\/option><option value=\"20:30:00\">8:30 pm<\/option><option value=\"21:00:00\">9:00 pm<\/option><option value=\"21:30:00\">9:30 pm<\/option><option value=\"22:00:00\">10:00 pm<\/option><option value=\"22:30:00\">10:30 pm<\/option><option value=\"23:00:00\">11:00 pm<\/option><option value=\"23:30:00\">11:30 pm<\/option>                        <\/select>\r\n                    <\/div>\r\n                                \r\n                \r\n                            <\/div>\r\n        <\/div>\r\n        \r\n                    <div class=\"search-field\">\r\n                <div class=\"search-field-header\">\r\n                    <div class=\"search-field-title\">\r\n                        <i class=\"icon-return title-icon\"><\/i><p>Retour                        Informations<\/p><\/div>\r\n                <\/div>\r\n                <div class=\"search-field-body\">\r\n                                                                        <div class=\"styled-select-dropdown wide-dropdown\">\r\n                                <i class=\"icon-location select-icon\"><\/i><select name=\"return_location_id\" class=\"return-location home-select\">\r\n                                    <option value=\"0\" selected=\"selected\">Ville de Retour et Localisation :<\/option><option value=\"7\">1. A\u00e9roport Roland Garros - En Weekend - 74 Avenuue Roland Garros,<\/option><option value=\"8\">2. Bureau St Marie - 2 Rue Henrie Salvador<\/option><option value=\"9\">3. A\u00e9roport De Pierrefonds - Chemin de l'A\u00e9rodr\u00f4me<\/option><option value=\"10\">4. Agence - 887 Bis Chemin DUFOURG les Bas<\/option><option value=\"11\">5. Agence Sainte Clotilde - Chemin Dufourg les Bas<\/option>                                <\/select>\r\n                            <\/div>\r\n                                                                                                                    <div class=\"inline-div\">\r\n                                <input type=\"text\" name=\"return_date\" class=\"return-date\" value=\"Date :\" readonly=\"readonly\" AUTOCOMPLETE=OFF \/>\r\n                            <\/div>\r\n                            <div class=\"styled-select-dropdown narrow-dropdown\">\r\n                                <i class=\"icon-clock select-icon\"><\/i><select name=\"return_time\" class=\"return-time\">\r\n                                    <option value=\"00:00:00\">Minuit<\/option><option value=\"00:30:00\">12:30 am<\/option><option value=\"01:00:00\">1:00 am<\/option><option value=\"01:30:00\">1:30 am<\/option><option value=\"02:00:00\">2:00 am<\/option><option value=\"02:30:00\">2:30 am<\/option><option value=\"03:00:00\">3:00 am<\/option><option value=\"03:30:00\">3:30 am<\/option><option value=\"04:00:00\">4:00 am<\/option><option value=\"04:30:00\">4:30 am<\/option><option value=\"05:00:00\">5:00 am<\/option><option value=\"05:30:00\">5:30 am<\/option><option value=\"06:00:00\">6:00 am<\/option><option value=\"06:30:00\">6:30 am<\/option><option value=\"07:00:00\">7:00 am<\/option><option value=\"07:30:00\">7:30 am<\/option><option value=\"08:00:00\">8:00 am<\/option><option value=\"08:30:00\">8:30 am<\/option><option value=\"09:00:00\">9:00 am<\/option><option value=\"09:30:00\">9:30 am<\/option><option value=\"10:00:00\">10:00 am<\/option><option value=\"10:30:00\">10:30 am<\/option><option value=\"11:00:00\">11:00 am<\/option><option value=\"11:30:00\">11:30 am<\/option><option value=\"12:00:00\" selected=\"selected\">Midi<\/option><option value=\"12:30:00\">12:30 pm<\/option><option value=\"13:00:00\">1:00 pm<\/option><option value=\"13:30:00\">1:30 pm<\/option><option value=\"14:00:00\">2:00 pm<\/option><option value=\"14:30:00\">2:30 pm<\/option><option value=\"15:00:00\">3:00 pm<\/option><option value=\"15:30:00\">3:30 pm<\/option><option value=\"16:00:00\">4:00 pm<\/option><option value=\"16:30:00\">4:30 pm<\/option><option value=\"17:00:00\">5:00 pm<\/option><option value=\"17:30:00\">5:30 pm<\/option><option value=\"18:00:00\">6:00 pm<\/option><option value=\"18:30:00\">6:30 pm<\/option><option value=\"19:00:00\">7:00 pm<\/option><option value=\"19:30:00\">7:30 pm<\/option><option value=\"20:00:00\">8:00 pm<\/option><option value=\"20:30:00\">8:30 pm<\/option><option value=\"21:00:00\">9:00 pm<\/option><option value=\"21:30:00\">9:30 pm<\/option><option value=\"22:00:00\">10:00 pm<\/option><option value=\"22:30:00\">10:30 pm<\/option><option value=\"23:00:00\">11:00 pm<\/option><option value=\"23:30:00\">11:30 pm<\/option>                                <\/select>\r\n                            <\/div>\r\n                                            \r\n                    \r\n                                    <\/div>\r\n            <\/div>\r\n        \r\n                    <div class=\"search-field\">\r\n                <div class=\"search-field-header\">\r\n                    <div class=\"search-field-title\">\r\n                        <i class=\"icon-other title-icon\"><\/i><p>Autre                        Informations<\/p><\/div>\r\n                <\/div>\r\n                <div class=\"search-field-body\">\r\n                                                                                            <div class=\"styled-select-dropdown wide-dropdown\">\r\n                                <select name=\"manufacturer_id\" class=\"manufacturer\">\r\n                                    <option value=\"-1\" selected=\"selected\">Fabricant :<\/option><option value=\"16\">DACIA<\/option><option value=\"15\">Hyunday<\/option><option value=\"11\">Kia<\/option><option value=\"13\">MG CARS<\/option><option value=\"3\">Peugeot<\/option><option value=\"14\">Renault<\/option>                                <\/select>\r\n                            <\/div>\r\n                                                                                                                                                            <div class=\"styled-select-dropdown wide-dropdown\">\r\n                                <select name=\"attribute_id1\" class=\"attribute1\">\r\n                                    <option value=\"-1\" selected=\"selected\">S\u00e9lectionner Carburant\u00a0:<\/option><option value=\"2\">Diesel<\/option><option value=\"1\">Essence<\/option><option value=\"4\">Hybrid<\/option>                                <\/select>\r\n                            <\/div>\r\n                                            \r\n                    \t\t<\/div>\r\n\t\t<\/div>\r\n\t\t<div class=\"search-field\">\r\n\t\t  <div class=\"search-field-body\">\r\n                    <input type=\"hidden\" name=\"car_rental_came_from_step1\" value=\"yes\" \/>\r\n                                            <div class=\"top-padded-submit\">\r\n                                                            <!-- Note: Do not translate events to track well inter-language events -->\r\n                                <input type=\"submit\" name=\"car_rental_do_search\" value=\"Chercher\" class=\"do-search\"\r\n                                       onclick=\"ga('send', 'event', 'Car Rental', 'Click', '1. Search for all item models');\" \/>\r\n                                                    <\/div>\r\n                    \t\t\t<\/div>\r\n\t\t<\/div>\r\n                <\/div>\r\n            <\/div>\r\n            <\/form>\r\n<\/div>\n","protected":false},"excerpt":{"rendered":"<p>ajs.location974@gmail.com R\u00e9ponse rapide assur\u00e9e ! (+262) 693.47.68.17 Attention au d\u00e9calage horaire ! Sainte-Marie 02 rue Henri Salvador Les Gaspards, Reunion 97438<\/p>\n","protected":false},"author":1,"featured_media":0,"parent":0,"menu_order":0,"comment_status":"closed","ping_status":"closed","template":"","meta":{"pagelayer_contact_templates":[],"_pagelayer_content":"","footnotes":""},"class_list":["post-14","page","type-page","status-publish","hentry"],"jetpack_sharing_enabled":true,"_links":{"self":[{"href":"https:\/\/www.ajslocation974.com\/reunion\/wp-json\/wp\/v2\/pages\/14","targetHints":{"allow":["GET"]}}],"collection":[{"href":"https:\/\/www.ajslocation974.com\/reunion\/wp-json\/wp\/v2\/pages"}],"about":[{"href":"https:\/\/www.ajslocation974.com\/reunion\/wp-json\/wp\/v2\/types\/page"}],"author":[{"embeddable":true,"href":"https:\/\/www.ajslocation974.com\/reunion\/wp-json\/wp\/v2\/users\/1"}],"replies":[{"embeddable":true,"href":"https:\/\/www.ajslocation974.com\/reunion\/wp-json\/wp\/v2\/comments?post=14"}],"version-history":[{"count":3,"href":"https:\/\/www.ajslocation974.com\/reunion\/wp-json\/wp\/v2\/pages\/14\/revisions"}],"predecessor-version":[{"id":156,"href":"https:\/\/www.ajslocation974.com\/reunion\/wp-json\/wp\/v2\/pages\/14\/revisions\/156"}],"wp:attachment":[{"href":"https:\/\/www.ajslocation974.com\/reunion\/wp-json\/wp\/v2\/media?parent=14"}],"curies":[{"name":"wp","href":"https:\/\/api.w.org\/{rel}","templated":true}]}}