{"id":16,"date":"2026-04-18T07:52:26","date_gmt":"2026-04-18T07:52:26","guid":{"rendered":"https:\/\/www.ajslocation974.com\/reunion\/best-affordable-car-repair-service-center\/"},"modified":"2026-04-21T08:43:38","modified_gmt":"2026-04-21T08:43:38","slug":"best-affordable-car-repair-service-center","status":"publish","type":"page","link":"https:\/\/www.ajslocation974.com\/reunion\/best-affordable-car-repair-service-center\/","title":{"rendered":"AJS Location de voiture \u00e0 la R\u00e9union d\u00e8s 19\u20ac\/jour"},"content":{"rendered":"","protected":false},"excerpt":{"rendered":"","protected":false},"author":1,"featured_media":151,"parent":0,"menu_order":0,"comment_status":"closed","ping_status":"closed","template":"","meta":{"pagelayer_contact_templates":[],"_pagelayer_content":"","footnotes":""},"class_list":["post-16","page","type-page","status-publish","has-post-thumbnail","hentry"],"jetpack_sharing_enabled":true,"_links":{"self":[{"href":"https:\/\/www.ajslocation974.com\/reunion\/wp-json\/wp\/v2\/pages\/16","targetHints":{"allow":["GET"]}}],"collection":[{"href":"https:\/\/www.ajslocation974.com\/reunion\/wp-json\/wp\/v2\/pages"}],"about":[{"href":"https:\/\/www.ajslocation974.com\/reunion\/wp-json\/wp\/v2\/types\/page"}],"author":[{"embeddable":true,"href":"https:\/\/www.ajslocation974.com\/reunion\/wp-json\/wp\/v2\/users\/1"}],"replies":[{"embeddable":true,"href":"https:\/\/www.ajslocation974.com\/reunion\/wp-json\/wp\/v2\/comments?post=16"}],"version-history":[{"count":1,"href":"https:\/\/www.ajslocation974.com\/reunion\/wp-json\/wp\/v2\/pages\/16\/revisions"}],"predecessor-version":[{"id":146,"href":"https:\/\/www.ajslocation974.com\/reunion\/wp-json\/wp\/v2\/pages\/16\/revisions\/146"}],"wp:featuredmedia":[{"embeddable":true,"href":"https:\/\/www.ajslocation974.com\/reunion\/wp-json\/wp\/v2\/media\/151"}],"wp:attachment":[{"href":"https:\/\/www.ajslocation974.com\/reunion\/wp-json\/wp\/v2\/media?parent=16"}],"curies":[{"name":"wp","href":"https:\/\/api.w.org\/{rel}","templated":true}]}}