{"id":22,"date":"2026-04-18T07:52:27","date_gmt":"2026-04-18T07:52:27","guid":{"rendered":"https:\/\/www.ajslocation974.com\/reunion\/best-affordable-car-repair-service-center-4\/"},"modified":"2026-04-26T02:57:25","modified_gmt":"2026-04-26T02:57:25","slug":"best-affordable-car-repair-service-center-4","status":"publish","type":"page","link":"https:\/\/www.ajslocation974.com\/reunion\/best-affordable-car-repair-service-center-4\/","title":{"rendered":"AJS Location de voiture \u00e0 la R\u00e9union d\u00e8s 19\u20ac\/jour"},"content":{"rendered":"\n<p>GHGHGHG ,hjjhj<\/p>\n","protected":false},"excerpt":{"rendered":"<p>GHGHGHG ,hjjhj<\/p>\n","protected":false},"author":1,"featured_media":152,"parent":0,"menu_order":0,"comment_status":"closed","ping_status":"closed","template":"","meta":{"pagelayer_contact_templates":[],"_pagelayer_content":"","footnotes":""},"class_list":["post-22","page","type-page","status-publish","has-post-thumbnail","hentry"],"jetpack_sharing_enabled":true,"_links":{"self":[{"href":"https:\/\/www.ajslocation974.com\/reunion\/wp-json\/wp\/v2\/pages\/22","targetHints":{"allow":["GET"]}}],"collection":[{"href":"https:\/\/www.ajslocation974.com\/reunion\/wp-json\/wp\/v2\/pages"}],"about":[{"href":"https:\/\/www.ajslocation974.com\/reunion\/wp-json\/wp\/v2\/types\/page"}],"author":[{"embeddable":true,"href":"https:\/\/www.ajslocation974.com\/reunion\/wp-json\/wp\/v2\/users\/1"}],"replies":[{"embeddable":true,"href":"https:\/\/www.ajslocation974.com\/reunion\/wp-json\/wp\/v2\/comments?post=22"}],"version-history":[{"count":2,"href":"https:\/\/www.ajslocation974.com\/reunion\/wp-json\/wp\/v2\/pages\/22\/revisions"}],"predecessor-version":[{"id":219,"href":"https:\/\/www.ajslocation974.com\/reunion\/wp-json\/wp\/v2\/pages\/22\/revisions\/219"}],"wp:featuredmedia":[{"embeddable":true,"href":"https:\/\/www.ajslocation974.com\/reunion\/wp-json\/wp\/v2\/media\/152"}],"wp:attachment":[{"href":"https:\/\/www.ajslocation974.com\/reunion\/wp-json\/wp\/v2\/media?parent=22"}],"curies":[{"name":"wp","href":"https:\/\/api.w.org\/{rel}","templated":true}]}}