{"id":6,"date":"2026-04-18T07:52:26","date_gmt":"2026-04-18T07:52:26","guid":{"rendered":"https:\/\/www.ajslocation974.com\/reunion\/home\/"},"modified":"2026-04-26T20:19:17","modified_gmt":"2026-04-26T20:19:17","slug":"home","status":"publish","type":"page","link":"https:\/\/www.ajslocation974.com\/reunion\/","title":{"rendered":"Home"},"content":{"rendered":"\n\n\n\n\n<p><\/p>\n\n\n\n\n\n\n\n<span style=\"color: rgb(67, 77, 87); font-family: Raleway, sans-serif; font-size: 14px; font-weight: 400; text-decoration-style: initial;\">Choisir AJS Location pour votre s\u00e9jour \u00e0 la R\u00e9union, c\u2019est choisir un professionnel avec des ann\u00e9es d\u2019\u00e9xp\u00e9rience \u00e0 votre service !<\/span>\n\n\n\n\n\nDevis sur simple demande, par mail, t\u00e9l\u00e9phone, Whatsapp ou en remplissant le formulaire de contact.\n\n\n\n\n\n<p><span style=\"color: rgb(67, 77, 87); font-family: Raleway, sans-serif; font-size: 14px; letter-spacing: normal;\">Avant chaque location, nos v\u00e9hicules sont scrupuleusement nettoy\u00e9s afin de garantir votre s\u00e9curit\u00e9.<\/span><\/p>\n\n\n\n\n\n<p><span style=\"color: rgb(67, 77, 87); font-family: Raleway, sans-serif; font-size: 14px; letter-spacing: normal;\">Possibilt\u00e9 de r\u00e9cup\u00e9rer ou de restituer votre v\u00e9hicule m\u00eame le dimanche et jours f\u00e9ri\u00e9s !<\/span><\/p>\n\n\n\n\n\n<h2>Nos Partenaires<\/h2>\n\n\n\n\n\nGroupement pour le Logement en Gaudeloupe\n\n\n\n\n\nDu charme \u00e0 l\u2019\u00e9tat pur sur la mi-hauteur de la Bretagne.\n\n\n\n\n\nConseil R\u00e9gional de la R\u00e9union\n\n\n\n\n\n\n<div class=\"fleet-management-wrapper car-rental-wrapper fleet-management-item-models-slider car-rental-item-models-slider\">\r\n    <div class=\"responsive-item-models-slider\">\r\n           <div>\r\n            <div class=\"item-model-image\"><a href=\"https:\/\/www.ajslocation974.com\/reunion\/car-model\/renault-twingo-3\/\" title=\"Voir le mod\u00e8le de voiture\"><img decoding=\"async\" src=\"https:\/\/www.ajslocation974.com\/reunion\/wp-content\/uploads\/CarRentalGallery\/thumb_twingo3.jpeg\" title=\"Renault TWINGO 3\" alt=\"Renault TWINGO 3\"><\/a><\/div><div class=\"item-model-details\"><div class=\"item-model-title\"><a href=\"https:\/\/www.ajslocation974.com\/reunion\/car-model\/renault-twingo-3\/\" title=\"Voir le mod\u00e8le de voiture\">Renault TWINGO 3<\/a><\/div><div class=\"item-model-prefix\">De<\/div><div class=\"item-model-price\">20&euro;<\/div><div class=\"item-model-suffix\">jour<\/div><\/div>       <\/div>\r\n           <div>\r\n            <div class=\"item-model-image\"><a href=\"https:\/\/www.ajslocation974.com\/reunion\/car-model\/kia-picanto\/\" title=\"Voir le mod\u00e8le de voiture\"><img decoding=\"async\" src=\"https:\/\/www.ajslocation974.com\/reunion\/wp-content\/uploads\/CarRentalGallery\/thumb_eyJidWNrZXQiOiJkYXRhay1jZG4teHkiLCJrZXkiOiJjb25maWd1cmF0b3ItaW1ncy9jYXJzL2ttNzdfZnIvb3JpZ2luYWwvS0lBL1BJQ0FOVE8vNTEyMDZfQkVSTElORS1BLUhBWU9OLTUtUE9SVEVTL3BpY2FudG8tMC5qcGciLCJlZGl0cyI6eyJyZ.jpeg\" title=\"Kia PICANTO\" alt=\"Kia PICANTO\"><\/a><\/div><div class=\"item-model-details\"><div class=\"item-model-title\"><a href=\"https:\/\/www.ajslocation974.com\/reunion\/car-model\/kia-picanto\/\" title=\"Voir le mod\u00e8le de voiture\">Kia PICANTO<\/a><\/div><div class=\"item-model-prefix\">De<\/div><div class=\"item-model-price\">23&euro;<\/div><div class=\"item-model-suffix\">jour<\/div><\/div>       <\/div>\r\n           <div>\r\n            <div class=\"item-model-image\"><a href=\"https:\/\/www.ajslocation974.com\/reunion\/car-model\/hyunday-i20\/\" title=\"Voir le mod\u00e8le de voiture\"><img decoding=\"async\" src=\"https:\/\/www.ajslocation974.com\/reunion\/wp-content\/uploads\/CarRentalGallery\/thumb_i20_hyunday01.jpeg\" title=\"Hyunday i20\" alt=\"Hyunday i20\"><\/a><\/div><div class=\"item-model-details\"><div class=\"item-model-title\"><a href=\"https:\/\/www.ajslocation974.com\/reunion\/car-model\/hyunday-i20\/\" title=\"Voir le mod\u00e8le de voiture\">Hyunday i20<\/a><\/div><div class=\"item-model-prefix\">De<\/div><div class=\"item-model-price\">25&euro;<\/div><div class=\"item-model-suffix\">jour<\/div><\/div>       <\/div>\r\n           <div>\r\n            <div class=\"item-model-image\"><a href=\"https:\/\/www.ajslocation974.com\/reunion\/car-model\/renault-clio-5\/\" title=\"Voir le mod\u00e8le de voiture\"><img decoding=\"async\" src=\"https:\/\/www.ajslocation974.com\/reunion\/wp-content\/uploads\/CarRentalGallery\/thumb_renault_24cliohevtechnohb5rb_angularfront.webp\" title=\"Renault CLIO 5\" alt=\"Renault CLIO 5\"><\/a><\/div><div class=\"item-model-details\"><div class=\"item-model-title\"><a href=\"https:\/\/www.ajslocation974.com\/reunion\/car-model\/renault-clio-5\/\" title=\"Voir le mod\u00e8le de voiture\">Renault CLIO 5<\/a><\/div><div class=\"item-model-prefix\">De<\/div><div class=\"item-model-price\">28&euro;<\/div><div class=\"item-model-suffix\">jour<\/div><\/div>       <\/div>\r\n           <div>\r\n            <div class=\"item-model-image\"><a href=\"https:\/\/www.ajslocation974.com\/reunion\/car-model\/dacia-lodgy-5\/\" title=\"Voir le mod\u00e8le de voiture\"><img decoding=\"async\" src=\"https:\/\/www.ajslocation974.com\/reunion\/wp-content\/uploads\/CarRentalGallery\/thumb_exterieur02.jpg\" title=\"DACIA LODGY 5\" alt=\"DACIA LODGY 5\"><\/a><\/div><div class=\"item-model-details\"><div class=\"item-model-title\"><a href=\"https:\/\/www.ajslocation974.com\/reunion\/car-model\/dacia-lodgy-5\/\" title=\"Voir le mod\u00e8le de voiture\">DACIA LODGY 5<\/a><\/div><div class=\"item-model-prefix\">De<\/div><div class=\"item-model-price\">30&euro;<\/div><div class=\"item-model-suffix\">jour<\/div><\/div>       <\/div>\r\n           <div>\r\n            <div class=\"item-model-image\"><a href=\"https:\/\/www.ajslocation974.com\/reunion\/car-model\/mg-cars-mg-cars-mg-hybride\/\" title=\"Voir le mod\u00e8le de voiture\"><img decoding=\"async\" src=\"https:\/\/www.ajslocation974.com\/reunion\/wp-content\/uploads\/CarRentalGallery\/thumb_1776756757_2024-mg3_hybrid-0.jpg\" title=\"MG CARS MG3\" alt=\"MG CARS MG3\"><\/a><\/div><div class=\"item-model-details\"><div class=\"item-model-title\"><a href=\"https:\/\/www.ajslocation974.com\/reunion\/car-model\/mg-cars-mg-cars-mg-hybride\/\" title=\"Voir le mod\u00e8le de voiture\">MG CARS MG3<\/a><\/div><div class=\"item-model-prefix\">De<\/div><div class=\"item-model-price\">30&euro;<\/div><div class=\"item-model-suffix\">jour<\/div><\/div>       <\/div>\r\n           <div>\r\n            <div class=\"item-model-image\"><a href=\"https:\/\/www.ajslocation974.com\/reunion\/car-model\/peugeot-208-hybride\/\" title=\"Voir le mod\u00e8le de voiture\"><img decoding=\"async\" src=\"https:\/\/www.ajslocation974.com\/reunion\/wp-content\/uploads\/CarRentalGallery\/thumb_1776977400_face.jpg\" title=\"Peugeot 208 HYBRIDE\" alt=\"Peugeot 208 HYBRIDE\"><\/a><\/div><div class=\"item-model-details\"><div class=\"item-model-title\"><a href=\"https:\/\/www.ajslocation974.com\/reunion\/car-model\/peugeot-208-hybride\/\" title=\"Voir le mod\u00e8le de voiture\">Peugeot 208 HYBRIDE<\/a><\/div><div class=\"item-model-prefix\">De<\/div><div class=\"item-model-price\">30&euro;<\/div><div class=\"item-model-suffix\">jour<\/div><\/div>       <\/div>\r\n           <div>\r\n            <div class=\"item-model-image\"><a href=\"https:\/\/www.ajslocation974.com\/reunion\/car-model\/renault-renault-renault-clio-5-hybride\/\" title=\"Voir le mod\u00e8le de voiture\"><img decoding=\"async\" src=\"https:\/\/www.ajslocation974.com\/reunion\/wp-content\/uploads\/CarRentalGallery\/thumb_renault-clio-e-tech-esprit-alpine-min.jpeg\" title=\"Renault CLIO 5 HYBRIDE\" alt=\"Renault CLIO 5 HYBRIDE\"><\/a><\/div><div class=\"item-model-details\"><div class=\"item-model-title\"><a href=\"https:\/\/www.ajslocation974.com\/reunion\/car-model\/renault-renault-renault-clio-5-hybride\/\" title=\"Voir le mod\u00e8le de voiture\">Renault CLIO 5 HYBRIDE<\/a><\/div><div class=\"item-model-prefix\">De<\/div><div class=\"item-model-price\">30&euro;<\/div><div class=\"item-model-suffix\">jour<\/div><\/div>       <\/div>\r\n           <div>\r\n            <div class=\"item-model-image\"><a href=\"https:\/\/www.ajslocation974.com\/reunion\/car-model\/renault-capture-2\/\" title=\"Voir le mod\u00e8le de voiture\"><img decoding=\"async\" src=\"https:\/\/www.ajslocation974.com\/reunion\/wp-content\/uploads\/CarRentalGallery\/thumb_eyJidWNrZXQiOiJkYXRhay1jZG4teHkiLCJlZGl0cyI6e30sImtleSI6ImNvbmZpZ3VyYXRvci1pbWdzL2NhcnMva203N19mci84MDAvUkVOQVVMVC9DQVBUVVIvNTE5ODhfU1VWLVZQLTUtUE9SVEVTL3BlaW50dXJlLWJsYW5jLW5hY3JlLXRva.png\" title=\"Renault Capture 2\" alt=\"Renault Capture 2\"><\/a><\/div><div class=\"item-model-details\"><div class=\"item-model-title\"><a href=\"https:\/\/www.ajslocation974.com\/reunion\/car-model\/renault-capture-2\/\" title=\"Voir le mod\u00e8le de voiture\">Renault Capture 2<\/a><\/div><div class=\"item-model-prefix\">De<\/div><div class=\"item-model-price\">32&euro;<\/div><div class=\"item-model-suffix\">jour<\/div><\/div>       <\/div>\r\n           <div>\r\n            <div class=\"item-model-image\"><a href=\"https:\/\/www.ajslocation974.com\/reunion\/car-model\/dacia-lodgy-7\/\" title=\"Voir le mod\u00e8le de voiture\"><img decoding=\"async\" src=\"https:\/\/www.ajslocation974.com\/reunion\/wp-content\/uploads\/CarRentalGallery\/thumb_dacia7.jpeg\" title=\"DACIA LODGY 7\" alt=\"DACIA LODGY 7\"><\/a><\/div><div class=\"item-model-details\"><div class=\"item-model-title\"><a href=\"https:\/\/www.ajslocation974.com\/reunion\/car-model\/dacia-lodgy-7\/\" title=\"Voir le mod\u00e8le de voiture\">DACIA LODGY 7<\/a><\/div><div class=\"item-model-prefix\">De<\/div><div class=\"item-model-price\">45&euro;<\/div><div class=\"item-model-suffix\">jour<\/div><\/div>       <\/div>\r\n        <\/div>\r\n<\/div>\r\n\n","protected":false},"excerpt":{"rendered":"","protected":false},"author":1,"featured_media":0,"parent":0,"menu_order":0,"comment_status":"closed","ping_status":"closed","template":"page-template\/front-page.php","meta":{"pagelayer_contact_templates":[],"_pagelayer_content":"","footnotes":""},"class_list":["post-6","page","type-page","status-publish","hentry"],"jetpack_sharing_enabled":true,"_links":{"self":[{"href":"https:\/\/www.ajslocation974.com\/reunion\/wp-json\/wp\/v2\/pages\/6","targetHints":{"allow":["GET"]}}],"collection":[{"href":"https:\/\/www.ajslocation974.com\/reunion\/wp-json\/wp\/v2\/pages"}],"about":[{"href":"https:\/\/www.ajslocation974.com\/reunion\/wp-json\/wp\/v2\/types\/page"}],"author":[{"embeddable":true,"href":"https:\/\/www.ajslocation974.com\/reunion\/wp-json\/wp\/v2\/users\/1"}],"replies":[{"embeddable":true,"href":"https:\/\/www.ajslocation974.com\/reunion\/wp-json\/wp\/v2\/comments?post=6"}],"version-history":[{"count":28,"href":"https:\/\/www.ajslocation974.com\/reunion\/wp-json\/wp\/v2\/pages\/6\/revisions"}],"predecessor-version":[{"id":230,"href":"https:\/\/www.ajslocation974.com\/reunion\/wp-json\/wp\/v2\/pages\/6\/revisions\/230"}],"wp:attachment":[{"href":"https:\/\/www.ajslocation974.com\/reunion\/wp-json\/wp\/v2\/media?parent=6"}],"curies":[{"name":"wp","href":"https:\/\/api.w.org\/{rel}","templated":true}]}}