{"id":68,"date":"2026-04-18T09:39:17","date_gmt":"2026-04-18T09:39:17","guid":{"rendered":"https:\/\/www.ajslocation974.com\/reunion\/?page_id=68"},"modified":"2026-04-18T09:39:17","modified_gmt":"2026-04-18T09:39:17","slug":"a-voir-a-faire-a-la-reunion","status":"publish","type":"page","link":"https:\/\/www.ajslocation974.com\/reunion\/a-voir-a-faire-a-la-reunion\/","title":{"rendered":"\u00c0 voir \u00c0 faire \u00e0 la R\u00e9union"},"content":{"rendered":"\n<p><strong>\u00c0 VOIR \u00c0 FAIRE !<br>PITON DES NEIGES -CILAOS<\/strong><\/p>\n\n\n\n<p>Volcan endormi \u00e0 l&#8217;origine de la cr\u00e9ation de La R\u00e9union, le Piton des Neiges est le plus haut sommet de l&#8217;oc\u00e9an Indien. Ce massif de 3071 m est accessible par des sentiers de randonn\u00e9e. Son ascension (bonne condition physique) s&#8217;effectue le plus souvent depuis Cilaos avec une halte au Refuge de la Caverne Dufour, seule structure situ\u00e9e sur son flanc. La nuit au g\u00eete permet d&#8217;\u00eatre au sommet d\u00e8s l&#8217;aube, pour assister au lever du soleil et au r\u00e9veil des trois cirques : Mafate, Salazie et Cilaos. Il est m\u00eame possible d&#8217;apercevoir le volcan et l&#8217;oc\u00e9an Indien.<\/p>\n\n\n\n<p><strong>GRAND ETANG &#8211; St BENO\u00ceT<\/strong><\/p>\n\n\n\n<p>A 500 m\u00e8tres d\u2019altitude, le site du Grand Etang est constitu\u00e9 d\u2019un vaste plan d\u2019eau, il est encercl\u00e9 par le massif du crat\u00e8re, les mornes de l\u2019\u00c9tang.<br>A l&#8217;origine de cet \u00e9tang naturel : une coul\u00e9e de lave qui fit barrage au bras d&#8217;Annette. La situation prot\u00e9g\u00e9e du Grand \u00c9tang permet \u00e0 de nombreuses esp\u00e8ces d&#8217;oiseaux de s&#8217;y nicher.<br>Il n&#8217;est pas rare d&#8217;apercevoir le papangue, seul rapace r\u00e9unionnais.<\/p>\n\n\n\n<p><strong>LA ROCHE MERVEILLEUSE- CILAOS<\/strong><\/p>\n\n\n\n<p>Endroit incontournable pour une vue imprenable sur le cirque de Cilaos.<br>Accessible en voiture ou en randonn\u00e9e, sur place des airs de pique-nique avec kiosques. Petite balade \u00e0 faire en famille avec enfants.<br>Parking \u00e0 proximit\u00e9.<\/p>\n\n\n\n<p><strong>TAKAMAKA &#8211; St BENO\u00ceT<\/strong><\/p>\n\n\n\n<p>La vall\u00e9e de Takamaka lac\u00e8re profond\u00e9ment la plan\u00e8ze Est du massif du Piton des neiges. Elle imprime le paysage de ses remparts abrupts, enserrant ainsi un des cours d&#8217;eau les plus longs de l&#8217;\u00eele, la Rivi\u00e8re des Marsouins.<br>Prolongeant, dans un d\u00e9cor de cascades, le plateau de B\u00e9bour, la vall\u00e9e draine l&#8217;eau imbibant en amont les for\u00eats de montagne, riches d&#8217;une biodiversit\u00e9 remarquable.<br>La petite route qui la remonte s&#8217;ouvre \u00e0 son terminus sur un panorama de grande nature, partie int\u00e9grante du c\u0153ur du parc national et du Bien du patrimoine mondial.<br>L&#8217;eau omnipr\u00e9sente, est capt\u00e9e pour produire de l&#8217;\u00e9lectricit\u00e9. Elle alimente deux centrales rendues invisibles, par une implantation souterraine \u00e9tonnante, impos\u00e9e par le relief tr\u00e8s accident\u00e9.<br>Il est donc recommand\u00e9 de bien se renseigner sur la m\u00e9t\u00e9o et les arr\u00eat\u00e9s pr\u00e9fectoraux, d&#8217;\u00eatre \u00e9quip\u00e9s pour la randonn\u00e9e sans oublier de l&#8217;eau, une casquette et une couverture avant de s&#8217;y rendre.<br>Sentier de Takamaka ferm\u00e9 pour sa portion entre le terminus de la RD53 (Belv\u00e9d\u00e8re de Takamaka) et Ilet \u00e0 Bananes.<\/p>\n\n\n\n<p><strong>CASCADE GRAND GALET-St JOSEPH<\/strong><\/p>\n\n\n\n<p>Une route ombrag\u00e9e par des arbres fruitiers longe le lit de la rivi\u00e8re Langevin.<br>La rivi\u00e8re Langevin offre une succession de bassins, o\u00f9 il est possible de se rafra\u00eechir et de pique-niquer.<br>La route m\u00e9nage un point de vue spectaculaire sur la cascade Langevin dite aussi &#8220;Grand Galet&#8221;. Compos\u00e9e de multiples chutes d&#8217;eau, elle s&#8217;\u00e9tale sur un large mur sur lequel s\u2019\u00e9coule en permanence une eau abondante et claire.<br>A travers un cadre naturel verdoyant, laissez vous guider vers ce havre o\u00f9 vous \u00eates convi\u00e9s \u00e0 la d\u00e9tente en famille ou entre amis. Avec la p\u00eache, la randonn\u00e9e aquatique et le pique-nique, l&#8217;eau est omnipr\u00e9sente et ses bienfaits sont largement mis \u00e0 contribution.<\/p>\n\n\n\n<p><strong>GOUFFRE DE L&#8217;\u00c9TANG SAL\u00c9<\/strong><\/p>\n\n\n\n<p>Le Gouffre de l&#8217;Etang-Sal\u00e9 est un long couloir naturel form\u00e9 par les roches noires offrant un spectacle magnifique de la mer en furie. Les vagues venant du large viennent se fracasser sur cette falaise basaltique tourment\u00e9e par l&#8217;oc\u00e9an.<\/p>\n\n\n\n<p><\/p>\n","protected":false},"excerpt":{"rendered":"<p>\u00c0 VOIR \u00c0 FAIRE !PITON DES NEIGES -CILAOS Volcan endormi \u00e0 l&#8217;origine de la cr\u00e9ation de La R\u00e9union, le Piton des Neiges est le plus haut sommet de l&#8217;oc\u00e9an Indien. Ce massif de 3071 m est accessible par des sentiers de randonn\u00e9e. Son ascension (bonne condition physique) s&#8217;effectue le plus souvent depuis Cilaos avec une [&hellip;]<\/p>\n","protected":false},"author":1,"featured_media":0,"parent":0,"menu_order":0,"comment_status":"closed","ping_status":"closed","template":"","meta":{"pagelayer_contact_templates":[],"_pagelayer_content":"","footnotes":""},"class_list":["post-68","page","type-page","status-publish","hentry"],"jetpack_sharing_enabled":true,"_links":{"self":[{"href":"https:\/\/www.ajslocation974.com\/reunion\/wp-json\/wp\/v2\/pages\/68","targetHints":{"allow":["GET"]}}],"collection":[{"href":"https:\/\/www.ajslocation974.com\/reunion\/wp-json\/wp\/v2\/pages"}],"about":[{"href":"https:\/\/www.ajslocation974.com\/reunion\/wp-json\/wp\/v2\/types\/page"}],"author":[{"embeddable":true,"href":"https:\/\/www.ajslocation974.com\/reunion\/wp-json\/wp\/v2\/users\/1"}],"replies":[{"embeddable":true,"href":"https:\/\/www.ajslocation974.com\/reunion\/wp-json\/wp\/v2\/comments?post=68"}],"version-history":[{"count":1,"href":"https:\/\/www.ajslocation974.com\/reunion\/wp-json\/wp\/v2\/pages\/68\/revisions"}],"predecessor-version":[{"id":69,"href":"https:\/\/www.ajslocation974.com\/reunion\/wp-json\/wp\/v2\/pages\/68\/revisions\/69"}],"wp:attachment":[{"href":"https:\/\/www.ajslocation974.com\/reunion\/wp-json\/wp\/v2\/media?parent=68"}],"curies":[{"name":"wp","href":"https:\/\/api.w.org\/{rel}","templated":true}]}}